



{"id":2984,"date":"2024-10-22T13:56:49","date_gmt":"2024-10-22T13:56:49","guid":{"rendered":"https:\/\/laundromat.com.pl\/?page_id=2984"},"modified":"2024-10-22T14:07:31","modified_gmt":"2024-10-22T14:07:31","slug":"imprezy-integracyjne","status":"publish","type":"page","link":"https:\/\/laundromat.com.pl\/?page_id=2984","title":{"rendered":"imprezy integracyjne"},"content":{"rendered":"<p>[et_pb_section fb_built=&#8221;1&#8243; admin_label=&#8221;Page Title Section&#8221; _builder_version=&#8221;4.16&#8243; use_background_color_gradient=&#8221;on&#8221; background_color_gradient_direction=&#8221;120deg&#8221; background_color_gradient_stops=&#8221;#6b73ff 0%|#000dff 100%&#8221; background_color_gradient_start=&#8221;#6b73ff&#8221; background_color_gradient_end=&#8221;#000dff&#8221; background_image=&#8221;http:\/\/laundromat.com.pl\/wp-content\/uploads\/2024\/10\/section-bg-hero2-1-png.avif&#8221; custom_padding=&#8221;100px||60px|&#8221; box_shadow_style=&#8221;preset7&#8243; box_shadow_horizontal=&#8221;0px&#8221; box_shadow_vertical=&#8221;-220px&#8221; box_shadow_color=&#8221;#ffffff&#8221; global_colors_info=&#8221;{}&#8221; theme_builder_area=&#8221;post_content&#8221; da_is_popup=&#8221;off&#8221; da_exit_intent=&#8221;off&#8221; da_has_close=&#8221;on&#8221; da_alt_close=&#8221;off&#8221; da_dark_close=&#8221;off&#8221; da_not_modal=&#8221;on&#8221; da_is_singular=&#8221;off&#8221; da_with_loader=&#8221;off&#8221; da_has_shadow=&#8221;on&#8221; da_disable_devices=&#8221;off|off|off&#8221;][et_pb_row admin_label=&#8221;Page Title Area&#8221; _builder_version=&#8221;4.16&#8243; background_size=&#8221;initial&#8221; background_position=&#8221;top_left&#8221; background_repeat=&#8221;repeat&#8221; global_colors_info=&#8221;{}&#8221; theme_builder_area=&#8221;post_content&#8221;][et_pb_column type=&#8221;4_4&#8243; _builder_version=&#8221;4.16&#8243; custom_padding=&#8221;|||&#8221; global_colors_info=&#8221;{}&#8221; custom_padding__hover=&#8221;|||&#8221; theme_builder_area=&#8221;post_content&#8221;][et_pb_text admin_label=&#8221;Title&#8221; _builder_version=&#8221;4.27.2&#8243; text_font=&#8221;Poppins||||||||&#8221; text_font_size=&#8221;18px&#8221; text_line_height=&#8221;1.8em&#8221; header_font=&#8221;Poppins|600|||||||&#8221; header_font_size=&#8221;48px&#8221; header_line_height=&#8221;1.4em&#8221; header_2_font=&#8221;||||||||&#8221; text_orientation=&#8221;center&#8221; background_layout=&#8221;dark&#8221; max_width=&#8221;700px&#8221; module_alignment=&#8221;center&#8221; custom_margin=&#8221;|||&#8221; animation_style=&#8221;fade&#8221; hover_enabled=&#8221;0&#8243; global_colors_info=&#8221;{}&#8221; theme_builder_area=&#8221;post_content&#8221; sticky_enabled=&#8221;0&#8243;]<\/p>\n<h1>Imprezy Integracyjne w Laundromat.com.pl \u2013 Oryginalne Pomys\u0142y na Budowanie Zespo\u0142u<\/h1>\n<p>Je\u015bli chcesz, aby impreza integracyjna by\u0142a nie tylko dobr\u0105 zabaw\u0105, ale r\u00f3wnie\u017c wyj\u0105tkowym do\u015bwiadczeniem, wybierz miejsce, kt\u00f3re zaskoczy uczestnik\u00f3w i pobudzi ich kreatywno\u015b\u0107. Laundromat.com.pl to lokal ukryty za fasad\u0105 pralni, z wej\u015bciem przez tajemne przej\u015bcie w jednej z pralek, kt\u00f3ry oferuje niesamowit\u0105 atmosfer\u0119 sprzyjaj\u0105c\u0105 integracji i wsp\u00f3lnej zabawie. Oto 5 kreatywnych pomys\u0142\u00f3w na imprezy integracyjne, kt\u00f3re sprawi\u0105, \u017ce Twoi pracownicy b\u0119d\u0105 d\u0142ugo wspomina\u0107 ten wyj\u0105tkowy wiecz\u00f3r.<\/p>\n<p>[\/et_pb_text][\/et_pb_column][\/et_pb_row][et_pb_row admin_label=&#8221;Statistics Image Area&#8221; _builder_version=&#8221;4.16&#8243; custom_padding=&#8221;|||&#8221; global_colors_info=&#8221;{}&#8221; theme_builder_area=&#8221;post_content&#8221;][et_pb_column type=&#8221;4_4&#8243; _builder_version=&#8221;4.16&#8243; custom_padding=&#8221;|||&#8221; global_colors_info=&#8221;{}&#8221; custom_padding__hover=&#8221;|||&#8221; theme_builder_area=&#8221;post_content&#8221;][et_pb_image src=&#8221;http:\/\/laundromat.com.pl\/wp-content\/uploads\/2024\/10\/0-229d3ced-bbb2-4d08-b6e1-1c577a0595aa-800&#215;800.jpg&#8221; title_text=&#8221;0-229d3ced-bbb2-4d08-b6e1-1c577a0595aa-800&#215;800&#8243; force_fullwidth=&#8221;on&#8221; align_tablet=&#8221;center&#8221; align_phone=&#8221;&#8221; align_last_edited=&#8221;on|desktop&#8221; _builder_version=&#8221;4.27.2&#8243; animation_style=&#8221;slide&#8221; animation_direction=&#8221;top&#8221; animation_intensity_slide=&#8221;3%&#8221; animation_starting_opacity=&#8221;100%&#8221; hover_enabled=&#8221;0&#8243; border_radii=&#8221;on|8px|8px|8px|8px&#8221; box_shadow_style=&#8221;preset2&#8243; box_shadow_horizontal=&#8221;0px&#8221; box_shadow_vertical=&#8221;10px&#8221; box_shadow_blur=&#8221;55px&#8221; box_shadow_color=&#8221;rgba(0,0,0,0.07)&#8221; global_colors_info=&#8221;{}&#8221; theme_builder_area=&#8221;post_content&#8221; sticky_enabled=&#8221;0&#8243;][\/et_pb_image][\/et_pb_column][\/et_pb_row][\/et_pb_section][et_pb_section fb_built=&#8221;1&#8243; admin_label=&#8221;Project Details Section&#8221; _builder_version=&#8221;4.16&#8243; background_image=&#8221;http:\/\/laundromat.com.pl\/wp-content\/uploads\/2024\/10\/section-bg-graph-png.avif&#8221; background_size=&#8221;contain&#8221; background_position=&#8221;bottom_center&#8221; custom_padding=&#8221;90px||90px|&#8221; global_colors_info=&#8221;{}&#8221; theme_builder_area=&#8221;post_content&#8221; da_is_popup=&#8221;off&#8221; da_exit_intent=&#8221;off&#8221; da_has_close=&#8221;on&#8221; da_alt_close=&#8221;off&#8221; da_dark_close=&#8221;off&#8221; da_not_modal=&#8221;on&#8221; da_is_singular=&#8221;off&#8221; da_with_loader=&#8221;off&#8221; da_has_shadow=&#8221;on&#8221; da_disable_devices=&#8221;off|off|off&#8221;][et_pb_row admin_label=&#8221;Project Summary&#8221; _builder_version=&#8221;4.16&#8243; custom_padding=&#8221;|||&#8221; global_colors_info=&#8221;{}&#8221; theme_builder_area=&#8221;post_content&#8221;][et_pb_column type=&#8221;4_4&#8243; _builder_version=&#8221;4.16&#8243; custom_padding=&#8221;|||&#8221; hover_enabled=&#8221;0&#8243; global_colors_info=&#8221;{}&#8221; custom_padding__hover=&#8221;|||&#8221; theme_builder_area=&#8221;post_content&#8221; sticky_enabled=&#8221;0&#8243;][et_pb_text admin_label=&#8221;Title&#8221; _builder_version=&#8221;4.27.2&#8243; text_font=&#8221;Poppins||||||||&#8221; text_font_size=&#8221;16px&#8221; text_line_height=&#8221;1.8em&#8221; ul_font=&#8221;||||||||&#8221; ol_font=&#8221;||||||||&#8221; header_font=&#8221;||||||||&#8221; header_2_font=&#8221;Poppins|600|||||||&#8221; header_2_font_size=&#8221;36px&#8221; header_2_line_height=&#8221;1.4em&#8221; max_width=&#8221;800px&#8221; animation_style=&#8221;fold&#8221; animation_direction=&#8221;bottom&#8221; animation_intensity_fold=&#8221;10%&#8221; animation_starting_opacity=&#8221;100%&#8221; hover_enabled=&#8221;0&#8243; global_colors_info=&#8221;{}&#8221; theme_builder_area=&#8221;post_content&#8221; sticky_enabled=&#8221;0&#8243;]<\/p>\n<h3>1. <strong>Tajemnicza pralnia \u2013 Integracyjna gra terenowa<\/strong><\/h3>\n<p>Zacznij imprez\u0119 od gry terenowej, kt\u00f3rej celem b\u0119dzie odkrycie tajemnic pralni. Uczestnicy b\u0119d\u0105 podzieleni na zespo\u0142y i wyposa\u017ceni w mapy oraz wskaz\u00f3wki, kt\u00f3re poprowadz\u0105 ich przez r\u00f3\u017cne zadania i zagadki, a\u017c do odkrycia tajemnego wej\u015bcia przez pralk\u0119. Gdy wszystkie grupy odnajd\u0105 lokal, czeka\u0107 na nich b\u0119dzie niespodzianka \u2013 specjalnie przygotowana strefa relaksu z cateringiem, muzyk\u0105 i atrakcjami. Tego typu gra wprowadzi element zdrowej rywalizacji i wzmocni wi\u0119zi w zespole.<\/p>\n<h3>2. <strong>Retro party \u2013 Lata 70. i 80. w nowoczesnym wydaniu<\/strong><\/h3>\n<p>Wprowad\u017a pracownik\u00f3w w klimat lat 70. i 80. poprzez tematyczn\u0105 imprez\u0119 retro, ale z nowoczesnym twistem. Dekoracje w stylu disco, lustrzane kule i stroje nawi\u0105zuj\u0105ce do epoki b\u0119d\u0105 doskona\u0142ym t\u0142em dla integracyjnej zabawy. Wej\u015bcie przez pralk\u0119 doda tajemniczo\u015bci \u2013 to jakby wej\u015bcie do innego czasu, w kt\u00f3rym muzyka i taniec rz\u0105dz\u0105. W programie imprezy mog\u0105 znale\u017a\u0107 si\u0119 konkursy na najlepszy str\u00f3j, nauka ta\u0144c\u00f3w retro, a nawet karaoke z przebojami z dawnych lat. Taka impreza zapewni dobr\u0105 zabaw\u0119 i stworzy okazj\u0119 do rozm\u00f3w oraz wsp\u00f3lnej integracji.<\/p>\n<h3>3. <strong>Kulinarne wyzwania \u2013 Integracja przez gotowanie<\/strong><\/h3>\n<p>W Laundromat.com.pl mo\u017cna tak\u017ce zorganizowa\u0107 warsztaty kulinarne jako cz\u0119\u015b\u0107 integracji. Zapro\u015b profesjonalnego szefa kuchni, kt\u00f3ry poprowadzi pracownik\u00f3w przez kulinarne wyzwania. Uczestnicy mog\u0105 by\u0107 podzieleni na dru\u017cyny, kt\u00f3re rywalizuj\u0105 w przygotowaniu najlepszego dania \u2013 niech kreatywno\u015b\u0107 i wsp\u00f3\u0142praca b\u0119d\u0105 kluczowe. Po zako\u0144czeniu warsztat\u00f3w, otw\u00f3rz tajemne przej\u015bcie przez pralk\u0119, by przenie\u015b\u0107 imprez\u0119 do g\u0142\u00f3wnej sali, gdzie na go\u015bci czeka\u0107 b\u0119dzie wyj\u0105tkowa kolacja, a potem zabawa przy muzyce. To po\u0142\u0105czenie integracji, nauki i rozrywki pozwoli zespo\u0142owi zacie\u015bni\u0107 wi\u0119zi.<\/p>\n<h3>4. <strong>Wiecz\u00f3r z grami zespo\u0142owymi \u2013 Turniej w nietypowym otoczeniu<\/strong><\/h3>\n<p>Zorganizuj turniej gier zespo\u0142owych, ale w nietypowej oprawie Laundromat.com.pl. Mo\u017cesz przygotowa\u0107 konkurencje z gier planszowych, quizy tematyczne lub zadania zr\u0119czno\u015bciowe. Wej\u015bcie przez pralk\u0119 b\u0119dzie wprowadzeniem do &#8222;sekretnego klubu gier&#8221;, gdzie dru\u017cyny b\u0119d\u0105 rywalizowa\u0107 o nagrody i punkty. Dodatkowe punkty mo\u017cna przyznawa\u0107 za kreatywno\u015b\u0107 lub wspieranie koleg\u00f3w z dru\u017cyny. To \u015bwietny spos\u00f3b na zbudowanie zdrowej rywalizacji i wsp\u00f3lne \u015bwi\u0119towanie sukces\u00f3w, a jednocze\u015bnie doskona\u0142a okazja do lepszego poznania si\u0119 nawzajem.<\/p>\n<h3>5. <strong>Tajemniczy wiecz\u00f3r z fabu\u0142\u0105 \u2013 Scenariuszowa gra integracyjna<\/strong><\/h3>\n<p>Zorganizuj imprez\u0119 integracyjn\u0105 z elementami fabu\u0142y, w kt\u00f3rej pracownicy wcielaj\u0105 si\u0119 w r\u00f3\u017cne role. Na przyk\u0142ad, mo\u017cesz zaproponowa\u0107 tematyk\u0119 \u201etajnej agencji wywiadowczej\u201d lub \u201eposzukiwania skarbu\u201d. Uczestnicy zostan\u0105 podzieleni na grupy, a ich zadaniem b\u0119dzie rozwi\u0105zywanie zagadek, zbieranie wskaz\u00f3wek i wykonanie okre\u015blonych misji, aby odkry\u0107 przej\u015bcie przez pralk\u0119 do ukrytego lokalu. W \u015brodku czeka na nich dalsza cz\u0119\u015b\u0107 zabawy, czyli taneczna impreza lub bankiet. Tego typu wydarzenie nie tylko zapewni rozrywk\u0119, ale tak\u017ce rozwinie umiej\u0119tno\u015bci pracy zespo\u0142owej i kreatywno\u015b\u0107.<\/p>\n<p>Laundromat.com.pl to miejsce, kt\u00f3re samo w sobie jest wyj\u0105tkowe, a dodatkowo oferuje mo\u017cliwo\u015b\u0107 organizacji niecodziennych wydarze\u0144, kt\u00f3re \u0142\u0105cz\u0105 zabaw\u0119 z integracj\u0105. Dzi\u0119ki tajemnemu wej\u015bciu przez pralk\u0119, ka\u017cdy event nabiera tajemniczo\u015bci i nietypowego klimatu, co sprawia, \u017ce imprezy integracyjne w tym miejscu s\u0105 naprawd\u0119 niezapomniane.<\/p>\n<p>[\/et_pb_text][\/et_pb_column][\/et_pb_row][et_pb_row admin_label=&#8221;Proven Result&#8221; _builder_version=&#8221;4.16&#8243; custom_margin=&#8221;|||&#8221; custom_padding=&#8221;|||&#8221; global_colors_info=&#8221;{}&#8221; theme_builder_area=&#8221;post_content&#8221;][et_pb_column type=&#8221;4_4&#8243; _builder_version=&#8221;4.16&#8243; custom_padding=&#8221;|||&#8221; global_colors_info=&#8221;{}&#8221; custom_padding__hover=&#8221;|||&#8221; theme_builder_area=&#8221;post_content&#8221;][et_pb_text admin_label=&#8221;Title&#8221; _builder_version=&#8221;4.16&#8243; text_font=&#8221;Poppins||||||||&#8221; text_font_size=&#8221;16px&#8221; text_line_height=&#8221;1.8em&#8221; ul_font=&#8221;||||||||&#8221; ol_font=&#8221;||||||||&#8221; header_font=&#8221;||||||||&#8221; header_2_font=&#8221;Poppins|600|||||||&#8221; header_2_font_size=&#8221;36px&#8221; header_2_line_height=&#8221;1.4em&#8221; max_width=&#8221;800px&#8221; animation_style=&#8221;fold&#8221; animation_direction=&#8221;bottom&#8221; animation_intensity_fold=&#8221;10%&#8221; animation_starting_opacity=&#8221;100%&#8221; global_colors_info=&#8221;{}&#8221; theme_builder_area=&#8221;post_content&#8221;][\/et_pb_text][\/et_pb_column][\/et_pb_row][et_pb_row column_structure=&#8221;1_3,1_3,1_3&#8243; admin_label=&#8221;Fun Fact&#8221; _builder_version=&#8221;4.27.2&#8243; custom_margin=&#8221;|||&#8221; global_colors_info=&#8221;{}&#8221; theme_builder_area=&#8221;post_content&#8221;][et_pb_column type=&#8221;1_3&#8243; _builder_version=&#8221;4.16&#8243; custom_padding=&#8221;|||&#8221; global_colors_info=&#8221;{}&#8221; custom_padding__hover=&#8221;|||&#8221; theme_builder_area=&#8221;post_content&#8221;][et_pb_number_counter title=&#8221;Wypitych kieliszk\u00f3w w\u00f3dki &#8221; number=&#8221;10000&#8243; percent_sign=&#8221;off&#8221; _builder_version=&#8221;4.27.2&#8243; title_font=&#8221;Poppins||||||||&#8221; number_font=&#8221;Poppins||||||||&#8221; number_text_color=&#8221;#ff2671&#8243; global_colors_info=&#8221;{}&#8221; theme_builder_area=&#8221;post_content&#8221;][\/et_pb_number_counter][\/et_pb_column][et_pb_column type=&#8221;1_3&#8243; _builder_version=&#8221;4.16&#8243; custom_padding=&#8221;|||&#8221; global_colors_info=&#8221;{}&#8221; custom_padding__hover=&#8221;|||&#8221; theme_builder_area=&#8221;post_content&#8221;][et_pb_number_counter title=&#8221;Imprez integracyjnych i firmowych&#8221; number=&#8221;104&#8243; percent_sign=&#8221;off&#8221; _builder_version=&#8221;4.27.2&#8243; title_font=&#8221;Poppins||||||||&#8221; number_font=&#8221;Poppins||||||||&#8221; number_text_color=&#8221;#00b1f9&#8243; hover_enabled=&#8221;0&#8243; global_colors_info=&#8221;{}&#8221; theme_builder_area=&#8221;post_content&#8221; sticky_enabled=&#8221;0&#8243;][\/et_pb_number_counter][\/et_pb_column][et_pb_column type=&#8221;1_3&#8243; _builder_version=&#8221;4.16&#8243; custom_padding=&#8221;|||&#8221; global_colors_info=&#8221;{}&#8221; custom_padding__hover=&#8221;|||&#8221; theme_builder_area=&#8221;post_content&#8221;][et_pb_number_counter title=&#8221;Wypitych shot\u00f3w jagera&#8221; number=&#8221;289&#8243; percent_sign=&#8221;off&#8221; _builder_version=&#8221;4.27.2&#8243; title_font=&#8221;Poppins||||||||&#8221; number_font=&#8221;Poppins||||||||&#8221; number_text_color=&#8221;#8b20bb&#8221; global_colors_info=&#8221;{}&#8221; theme_builder_area=&#8221;post_content&#8221;][\/et_pb_number_counter][\/et_pb_column][\/et_pb_row][\/et_pb_section][et_pb_section fb_built=&#8221;1&#8243; admin_label=&#8221;Hero Section&#8221; _builder_version=&#8221;4.16&#8243; background_color_gradient_direction=&#8221;100deg&#8221; background_image=&#8221;http:\/\/laundromat.com.pl\/wp-content\/uploads\/2024\/10\/section-bg-hero3-1-png.avif&#8221; custom_padding=&#8221;8%||8%|&#8221; locked=&#8221;off&#8221; global_colors_info=&#8221;{}&#8221; theme_builder_area=&#8221;post_content&#8221; da_is_popup=&#8221;off&#8221; da_exit_intent=&#8221;off&#8221; da_has_close=&#8221;on&#8221; da_alt_close=&#8221;off&#8221; da_dark_close=&#8221;off&#8221; da_not_modal=&#8221;on&#8221; da_is_singular=&#8221;off&#8221; da_with_loader=&#8221;off&#8221; da_has_shadow=&#8221;on&#8221; da_disable_devices=&#8221;off|off|off&#8221;][et_pb_row admin_label=&#8221;Hero Area&#8221; _builder_version=&#8221;4.16&#8243; background_size=&#8221;initial&#8221; background_position=&#8221;top_left&#8221; background_repeat=&#8221;repeat&#8221; global_colors_info=&#8221;{}&#8221; theme_builder_area=&#8221;post_content&#8221;][et_pb_column type=&#8221;4_4&#8243; _builder_version=&#8221;4.16&#8243; custom_padding=&#8221;|||&#8221; global_colors_info=&#8221;{}&#8221; custom_padding__hover=&#8221;|||&#8221; theme_builder_area=&#8221;post_content&#8221;][et_pb_cta title=&#8221;Przechodz\u0119 do rezerwacji !&#8221; button_url=&#8221;https:\/\/laundromat.com.pl\/&#8221; button_text=&#8221;kalendarz&#8221; admin_label=&#8221;Hero Text&#8221; _builder_version=&#8221;4.16&#8243; header_level=&#8221;h1&#8243; header_font=&#8221;Poppins|600|||||||&#8221; header_font_size=&#8221;48px&#8221; header_line_height=&#8221;1.4em&#8221; body_font=&#8221;Poppins||||||||&#8221; body_font_size=&#8221;18px&#8221; body_line_height=&#8221;1.8em&#8221; use_background_color=&#8221;off&#8221; custom_button=&#8221;on&#8221; button_text_size=&#8221;14px&#8221; button_text_color=&#8221;#ffffff&#8221; button_bg_color=&#8221;#000dff&#8221; button_border_width=&#8221;12px&#8221; button_border_color=&#8221;#000dff&#8221; button_letter_spacing=&#8221;2px&#8221; button_font=&#8221;Poppins|600||on|||||&#8221; button_icon=&#8221;&#x24;||divi||400&#8243; background_layout=&#8221;light&#8221; max_width=&#8221;700px&#8221; module_alignment=&#8221;center&#8221; animation_style=&#8221;fade&#8221; link_option_url=&#8221;https:\/\/laundromat.com.pl\/&#8221; global_colors_info=&#8221;{}&#8221; button_text_size__hover_enabled=&#8221;off&#8221; button_one_text_size__hover_enabled=&#8221;off&#8221; button_two_text_size__hover_enabled=&#8221;off&#8221; button_text_color__hover_enabled=&#8221;off&#8221; button_one_text_color__hover_enabled=&#8221;off&#8221; button_two_text_color__hover_enabled=&#8221;off&#8221; button_border_width__hover_enabled=&#8221;off&#8221; button_one_border_width__hover_enabled=&#8221;off&#8221; button_two_border_width__hover_enabled=&#8221;off&#8221; button_border_color__hover_enabled=&#8221;off&#8221; button_one_border_color__hover_enabled=&#8221;off&#8221; button_two_border_color__hover_enabled=&#8221;off&#8221; button_border_radius__hover_enabled=&#8221;off&#8221; button_one_border_radius__hover_enabled=&#8221;off&#8221; button_two_border_radius__hover_enabled=&#8221;off&#8221; button_letter_spacing__hover_enabled=&#8221;off&#8221; button_one_letter_spacing__hover_enabled=&#8221;off&#8221; button_two_letter_spacing__hover_enabled=&#8221;off&#8221; button_bg_color__hover_enabled=&#8221;off&#8221; button_one_bg_color__hover_enabled=&#8221;off&#8221; button_two_bg_color__hover_enabled=&#8221;off&#8221; theme_builder_area=&#8221;post_content&#8221;][\/et_pb_cta][\/et_pb_column][\/et_pb_row][\/et_pb_section]<\/p>\n","protected":false},"excerpt":{"rendered":"<p>Imprezy Integracyjne w Laundromat.com.pl \u2013 Oryginalne Pomys\u0142y na Budowanie Zespo\u0142u Je\u015bli chcesz, aby impreza integracyjna by\u0142a nie tylko dobr\u0105 zabaw\u0105, ale r\u00f3wnie\u017c wyj\u0105tkowym do\u015bwiadczeniem, wybierz miejsce, kt\u00f3re zaskoczy uczestnik\u00f3w i pobudzi ich kreatywno\u015b\u0107. Laundromat.com.pl to lokal ukryty za fasad\u0105 pralni, z wej\u015bciem przez tajemne przej\u015bcie w jednej z pralek, kt\u00f3ry oferuje niesamowit\u0105 atmosfer\u0119 sprzyjaj\u0105c\u0105 integracji [&hellip;]<\/p>\n","protected":false},"author":1,"featured_media":0,"parent":0,"menu_order":0,"comment_status":"closed","ping_status":"closed","template":"","meta":{"_et_pb_use_builder":"on","_et_pb_old_content":"","_et_gb_content_width":"","footnotes":""},"class_list":["post-2984","page","type-page","status-publish","hentry"],"_links":{"self":[{"href":"https:\/\/laundromat.com.pl\/index.php?rest_route=\/wp\/v2\/pages\/2984","targetHints":{"allow":["GET"]}}],"collection":[{"href":"https:\/\/laundromat.com.pl\/index.php?rest_route=\/wp\/v2\/pages"}],"about":[{"href":"https:\/\/laundromat.com.pl\/index.php?rest_route=\/wp\/v2\/types\/page"}],"author":[{"embeddable":true,"href":"https:\/\/laundromat.com.pl\/index.php?rest_route=\/wp\/v2\/users\/1"}],"replies":[{"embeddable":true,"href":"https:\/\/laundromat.com.pl\/index.php?rest_route=%2Fwp%2Fv2%2Fcomments&post=2984"}],"version-history":[{"count":4,"href":"https:\/\/laundromat.com.pl\/index.php?rest_route=\/wp\/v2\/pages\/2984\/revisions"}],"predecessor-version":[{"id":2991,"href":"https:\/\/laundromat.com.pl\/index.php?rest_route=\/wp\/v2\/pages\/2984\/revisions\/2991"}],"wp:attachment":[{"href":"https:\/\/laundromat.com.pl\/index.php?rest_route=%2Fwp%2Fv2%2Fmedia&parent=2984"}],"curies":[{"name":"wp","href":"https:\/\/api.w.org\/{rel}","templated":true}]}}