



{"id":2978,"date":"2024-10-22T13:45:31","date_gmt":"2024-10-22T13:45:31","guid":{"rendered":"https:\/\/laundromat.com.pl\/?page_id=2978"},"modified":"2025-06-11T09:46:00","modified_gmt":"2025-06-11T09:46:00","slug":"imprezy-firmowe-w-lokalu-laundromat-com-pl","status":"publish","type":"page","link":"https:\/\/laundromat.com.pl\/?page_id=2978","title":{"rendered":"Imprezy Firmowe w Lokalu Laundromat.com.pl"},"content":{"rendered":"<p>[et_pb_section fb_built=&#8221;1&#8243; admin_label=&#8221;Page Title Section&#8221; _builder_version=&#8221;4.16&#8243; use_background_color_gradient=&#8221;on&#8221; background_color_gradient_direction=&#8221;120deg&#8221; background_color_gradient_stops=&#8221;#6b73ff 0%|#000dff 100%&#8221; background_color_gradient_start=&#8221;#6b73ff&#8221; background_color_gradient_end=&#8221;#000dff&#8221; background_image=&#8221;https:\/\/laundromat.com.pl\/wp-content\/uploads\/2024\/10\/section-bg-hero2-1-png.avif&#8221; custom_padding=&#8221;100px||60px|&#8221; box_shadow_style=&#8221;preset7&#8243; box_shadow_horizontal=&#8221;0px&#8221; box_shadow_vertical=&#8221;-220px&#8221; box_shadow_color=&#8221;#ffffff&#8221; global_colors_info=&#8221;{}&#8221;][et_pb_row admin_label=&#8221;Page Title Area&#8221; _builder_version=&#8221;4.16&#8243; background_size=&#8221;initial&#8221; background_position=&#8221;top_left&#8221; background_repeat=&#8221;repeat&#8221; global_colors_info=&#8221;{}&#8221;][et_pb_column type=&#8221;4_4&#8243; _builder_version=&#8221;4.16&#8243; custom_padding=&#8221;|||&#8221; global_colors_info=&#8221;{}&#8221; custom_padding__hover=&#8221;|||&#8221;][et_pb_text admin_label=&#8221;Title&#8221; _builder_version=&#8221;4.27.2&#8243; text_font=&#8221;Poppins||||||||&#8221; text_font_size=&#8221;18px&#8221; text_line_height=&#8221;1.8em&#8221; header_font=&#8221;Poppins|600|||||||&#8221; header_font_size=&#8221;48px&#8221; header_line_height=&#8221;1.4em&#8221; header_2_font=&#8221;||||||||&#8221; text_orientation=&#8221;center&#8221; background_layout=&#8221;dark&#8221; max_width=&#8221;700px&#8221; module_alignment=&#8221;center&#8221; custom_margin=&#8221;|||&#8221; animation_style=&#8221;fade&#8221; hover_enabled=&#8221;0&#8243; global_colors_info=&#8221;{}&#8221; sticky_enabled=&#8221;0&#8243;]<\/p>\n<h1>Imprezy rodzinne w lokalu laundromat.com.pl \u2013 Nietypowe Miejsce na Niezapomniane Wydarzenie<\/h1>\n<p data-start=\"58\" data-end=\"95\"><span class=\"relative -mx-px my-[-0.2rem] rounded px-px py-[0.2rem] transition-colors duration-100 ease-in-out\">Szukasz oryginalnego i przytulnego miejsca na rodzinn\u0105 imprez\u0119 \u2013 urodziny, chrzciny, rocznic\u0119 czy spotkanie pokoleniowe? <\/span><\/p>\n<p data-start=\"58\" data-end=\"95\"><span class=\"relative -mx-px my-[-0.2rem] rounded px-px py-[0.2rem] transition-colors duration-100 ease-in-out\"><strong data-start=\"121\" data-end=\"135\">Laundromat<\/strong> to ukryty za fasad\u0105 pralni lokal w centrum Wrzeszcza, kt\u00f3ry dzi\u0119ki swojemu loftowemu designowi, tajemniczemu wej\u015bciu i przestrzennemu uk\u0142adowi robi ogromne wra\u017cenie. Idealny na kameralne, spersonalizowane spotkania dla maks. 35 os\u00f3b.<\/span><\/p>\n<p>Oto 5 pomys\u0142\u00f3w na kreatywne imprezy rodzinne w lokalu laundromat :<\/p>\n<p>[\/et_pb_text][\/et_pb_column][\/et_pb_row][et_pb_row admin_label=&#8221;Statistics Image Area&#8221; _builder_version=&#8221;4.16&#8243; custom_padding=&#8221;|||&#8221; global_colors_info=&#8221;{}&#8221;][et_pb_column type=&#8221;4_4&#8243; _builder_version=&#8221;4.16&#8243; custom_padding=&#8221;|||&#8221; global_colors_info=&#8221;{}&#8221; custom_padding__hover=&#8221;|||&#8221;][et_pb_image src=&#8221;http:\/\/laundromat.com.pl\/wp-content\/uploads\/2025\/06\/przyjaciele-zabawy-gdy-chlopiec-siedzi-na-kanapie-z-prezenty-urodzinowe-scaled.avif&#8221; title_text=&#8221;przyjaciele-zabawy-gdy-chlopiec-siedzi-na-kanapie-z-prezenty-urodzinowe&#8221; force_fullwidth=&#8221;on&#8221; align_tablet=&#8221;center&#8221; align_phone=&#8221;&#8221; align_last_edited=&#8221;on|desktop&#8221; _builder_version=&#8221;4.27.2&#8243; animation_style=&#8221;slide&#8221; animation_direction=&#8221;top&#8221; animation_intensity_slide=&#8221;3%&#8221; animation_starting_opacity=&#8221;100%&#8221; hover_enabled=&#8221;0&#8243; border_radii=&#8221;on|8px|8px|8px|8px&#8221; box_shadow_style=&#8221;preset2&#8243; box_shadow_horizontal=&#8221;0px&#8221; box_shadow_vertical=&#8221;10px&#8221; box_shadow_blur=&#8221;55px&#8221; box_shadow_color=&#8221;rgba(0,0,0,0.07)&#8221; global_colors_info=&#8221;{}&#8221; sticky_enabled=&#8221;0&#8243;][\/et_pb_image][\/et_pb_column][\/et_pb_row][\/et_pb_section][et_pb_section fb_built=&#8221;1&#8243; admin_label=&#8221;Project Details Section&#8221; _builder_version=&#8221;4.16&#8243; background_image=&#8221;https:\/\/laundromat.com.pl\/wp-content\/uploads\/2024\/10\/section-bg-graph-png.avif&#8221; background_size=&#8221;contain&#8221; background_position=&#8221;bottom_center&#8221; custom_padding=&#8221;90px||90px|&#8221; global_colors_info=&#8221;{}&#8221;][et_pb_row admin_label=&#8221;Project Summary&#8221; _builder_version=&#8221;4.16&#8243; custom_padding=&#8221;|||&#8221; global_colors_info=&#8221;{}&#8221;][et_pb_column type=&#8221;4_4&#8243; _builder_version=&#8221;4.16&#8243; custom_padding=&#8221;|||&#8221; hover_enabled=&#8221;0&#8243; global_colors_info=&#8221;{}&#8221; custom_padding__hover=&#8221;|||&#8221; sticky_enabled=&#8221;0&#8243;][et_pb_text admin_label=&#8221;Title&#8221; _builder_version=&#8221;4.27.2&#8243; text_font=&#8221;Poppins||||||||&#8221; text_font_size=&#8221;16px&#8221; text_line_height=&#8221;1.8em&#8221; ul_font=&#8221;||||||||&#8221; ol_font=&#8221;||||||||&#8221; header_font=&#8221;||||||||&#8221; header_2_font=&#8221;Poppins|600|||||||&#8221; header_2_font_size=&#8221;36px&#8221; header_2_line_height=&#8221;1.4em&#8221; max_width=&#8221;800px&#8221; animation_style=&#8221;fold&#8221; animation_direction=&#8221;bottom&#8221; animation_intensity_fold=&#8221;10%&#8221; animation_starting_opacity=&#8221;100%&#8221; hover_enabled=&#8221;0&#8243; global_colors_info=&#8221;{}&#8221; sticky_enabled=&#8221;0&#8243;]<\/p>\n<h2 data-start=\"961\" data-end=\"1007\">5 pomys\u0142\u00f3w na rodzinne imprezy\u00a0<\/h2>\n<h3 data-start=\"1009\" data-end=\"1052\">1. <strong data-start=\"1016\" data-end=\"1052\">Urodzinowy wiecz\u00f3r retro\u2011karaoke<\/strong><\/h3>\n<p data-start=\"1053\" data-end=\"1092\"><span class=\"relative -mx-px my-[-0.2rem] rounded px-px py-[0.2rem] transition-colors duration-100 ease-in-out\">W strefie relaksacyjnej przy kominku zorganizuj projekcj\u0119 dzieci\u0119cych film\u00f3w, a w cz\u0119\u015bci tanecznej zach\u0119\u0107 lokator\u00f3w do karaoke z dzieci\u0119cymi i rodzinnych przebojami. Zorganizuj quiz z nagrodami \u2013 ka\u017cdy z go\u015bci musi za\u015bpiewa\u0107 wybran\u0105 piosenk\u0119. Dzi\u0119ki profesjonalnemu nag\u0142o\u015bnieniu b\u0119dzie to niezapomniane i pe\u0142ne \u015bmiechu wydarzenie.<\/span><\/p>\n<h3 data-start=\"1094\" data-end=\"1154\">2. <strong data-start=\"1101\" data-end=\"1154\">Ma\u0142e przyj\u0119cie rocznicowe w stylu \u201emini\u2011bankietu\u201d<\/strong><\/h3>\n<p data-start=\"1155\" data-end=\"1194\"><span class=\"relative -mx-px my-[-0.2rem] rounded px-px py-[0.2rem] transition-colors duration-100 ease-in-out\">Skorzystaj z podzia\u0142u przestrzeni: cz\u0119\u015b\u0107 restauracyjna na toasty i przek\u0105ski, p\u00f3\u017aniej przenie\u015bcie si\u0119 do strefy tanecznej \u2013 idealnej na toast czy podzi\u0119kowania z rodzicami. Kominek i elegancko wkomponowane lo\u017ce podkre\u015bl\u0105 klimatyczny charakter chwili.<\/span><\/p>\n<h3 data-start=\"1196\" data-end=\"1240\">3. <strong data-start=\"1203\" data-end=\"1240\">Chrzciny z warsztatami dla dzieci<\/strong><\/h3>\n<p data-start=\"1241\" data-end=\"1280\"><span class=\"relative -mx-px my-[-0.2rem] rounded px-px py-[0.2rem] transition-colors duration-100 ease-in-out\">Po ceremonii bawcie si\u0119 w kinie \u2013 w strefie z barem i karoke\u00a0 mo\u017cna zorganizowa\u0107\u00a0 \u201ekino familijne\u201d z bajkami dla najm\u0142odszych. Doros\u0142a cz\u0119\u015b\u0107 go\u015bci korzysta z cz\u0119\u015bci z\u00a0 lo\u017cami \u2013 dodatkowo mo\u017cna korzysta\u0107 z pi\u0142karzyk\u00f3w\u00a0 i dart, co umili czas dzieciom i doros\u0142ym.<\/span><\/p>\n<h3 data-start=\"1282\" data-end=\"1342\">4. <strong data-start=\"1289\" data-end=\"1342\">Piknik w pralni \u2013 rodzinne grillowanie i animacje<\/strong><\/h3>\n<p data-start=\"1343\" data-end=\"1382\"><span class=\"relative -mx-px my-[-0.2rem] rounded px-px py-[0.2rem] transition-colors duration-100 ease-in-out\">Dzi\u0119ki w\u0142asnemu alkoholowi i cateringowi mo\u017cna urz\u0105dzi\u0107 domowe menu (np. taco-bar). Wykorzystaj stref\u0119 taneczn\u0105 do zabaw ruchowych \u2013 przytulne lo\u017ce \u015bwietnie nadaj\u0105 si\u0119 na opowie\u015bci rodzinne, wspominki, a karaoke z doros\u0142ymi przerywnikami doda lekko\u015bci.<\/span><\/p>\n<h3 data-start=\"1384\" data-end=\"1435\">5. <strong data-start=\"1391\" data-end=\"1435\">Wiecz\u00f3r gier planszowych &amp; quiz rodzinny<\/strong><\/h3>\n<p data-start=\"1436\" data-end=\"1475\"><span class=\"relative -mx-px my-[-0.2rem] rounded px-px py-[0.2rem] transition-colors duration-100 ease-in-out\">Rozstaw plansz\u00f3wki i gry w strefie relaksu, z kominkiem w tle i wygodnymi siedzeniami. P\u00f3\u017aniej, w strefie taneczno\u2011karaoke, zorganizuj rodzinny quiz multimedialny (\u017carty, zdj\u0119cia, muzyka z dzieci\u0144stwa i doros\u0142o\u015bci). W nagrod\u0119 \u2013 karaoke \u201erodzinnego\u201d hymnu.<\/span><\/p>\n<hr data-start=\"1477\" data-end=\"1480\" \/>\n<h2 data-start=\"1482\" data-end=\"1528\">Dlaczego warto wybra\u0107 w\u0142a\u015bnie Laundromat?<\/h2>\n<ul data-start=\"1530\" data-end=\"1788\">\n<li data-start=\"1530\" data-end=\"1573\">\n<p data-start=\"1532\" data-end=\"1573\"><span class=\"relative -mx-px my-[-0.2rem] rounded px-px py-[0.2rem] transition-colors duration-100 ease-in-out\"><strong data-start=\"0\" data-end=\"35\" data-is-only-node=\"\">Kameralna, tajemnicza atmosfera<\/strong> \u2013 nikt poza zaproszonymi nie znajdzie wej\u015bcia.<\/span><\/p>\n<\/li>\n<li data-start=\"1574\" data-end=\"1617\">\n<p data-start=\"1576\" data-end=\"1617\"><span class=\"relative -mx-px my-[-0.2rem] rounded px-px py-[0.2rem] transition-colors duration-100 ease-in-out\"><strong data-start=\"0\" data-end=\"24\" data-is-only-node=\"\">Elastyczna aran\u017cacja<\/strong> \u2013 strefy mo\u017cna dowolnie przestawia\u0107, by dopasowa\u0107 przestrze\u0144 do potrzeb.<\/span><\/p>\n<\/li>\n<li data-start=\"1618\" data-end=\"1661\">\n<p data-start=\"1620\" data-end=\"1661\"><span class=\"relative -mx-px my-[-0.2rem] rounded px-px py-[0.2rem] transition-colors duration-100 ease-in-out\"><strong data-start=\"0\" data-end=\"22\" data-is-only-node=\"\">Kompletne zaplecze<\/strong> \u2013 sprz\u0119t audio, o\u015bwietlenie, kominek i gry sprawiaj\u0105, \u017ce nie musisz niczego organizowa\u0107 od zera.<\/span><\/p>\n<\/li>\n<li data-start=\"1662\" data-end=\"1705\">\n<p data-start=\"1664\" data-end=\"1705\"><span class=\"relative -mx-px my-[-0.2rem] rounded px-px py-[0.2rem] transition-colors duration-100 ease-in-out\"><strong data-start=\"0\" data-end=\"16\" data-is-only-node=\"\">\u0141atwy dost\u0119p<\/strong> \u2013 centralna lokalizacja to du\u017ce u\u0142atwienie logistyczne.<\/span><\/p>\n<\/li>\n<li data-start=\"1706\" data-end=\"1788\">\n<p data-start=\"1708\" data-end=\"1788\"><span class=\"relative -mx-px my-[-0.2rem] rounded px-px py-[0.2rem] transition-colors duration-100 ease-in-out\"><strong data-start=\"0\" data-end=\"28\" data-is-only-node=\"\">Bezpiecze\u0144stwo i komfort<\/strong> \u2013 zakaz palenia, sprz\u0105tanie i opcja ochrony\u00a0<\/span><\/p>\n<\/li>\n<\/ul>\n<p>[\/et_pb_text][\/et_pb_column][\/et_pb_row][et_pb_row admin_label=&#8221;Proven Result&#8221; _builder_version=&#8221;4.16&#8243; custom_margin=&#8221;|||&#8221; custom_padding=&#8221;|||&#8221; global_colors_info=&#8221;{}&#8221;][et_pb_column type=&#8221;4_4&#8243; _builder_version=&#8221;4.16&#8243; custom_padding=&#8221;|||&#8221; global_colors_info=&#8221;{}&#8221; custom_padding__hover=&#8221;|||&#8221;][et_pb_text admin_label=&#8221;Title&#8221; _builder_version=&#8221;4.16&#8243; text_font=&#8221;Poppins||||||||&#8221; text_font_size=&#8221;16px&#8221; text_line_height=&#8221;1.8em&#8221; ul_font=&#8221;||||||||&#8221; ol_font=&#8221;||||||||&#8221; header_font=&#8221;||||||||&#8221; header_2_font=&#8221;Poppins|600|||||||&#8221; header_2_font_size=&#8221;36px&#8221; header_2_line_height=&#8221;1.4em&#8221; max_width=&#8221;800px&#8221; animation_style=&#8221;fold&#8221; animation_direction=&#8221;bottom&#8221; animation_intensity_fold=&#8221;10%&#8221; animation_starting_opacity=&#8221;100%&#8221; global_colors_info=&#8221;{}&#8221;][\/et_pb_text][\/et_pb_column][\/et_pb_row][et_pb_row column_structure=&#8221;1_3,1_3,1_3&#8243; admin_label=&#8221;Fun Fact&#8221; _builder_version=&#8221;4.27.2&#8243; custom_margin=&#8221;|||&#8221; global_colors_info=&#8221;{}&#8221;][et_pb_column type=&#8221;1_3&#8243; _builder_version=&#8221;4.16&#8243; custom_padding=&#8221;|||&#8221; global_colors_info=&#8221;{}&#8221; custom_padding__hover=&#8221;|||&#8221;][et_pb_number_counter title=&#8221;Wypitych puszek coli&#8221; number=&#8221;1000&#8243; percent_sign=&#8221;off&#8221; _builder_version=&#8221;4.27.2&#8243; title_font=&#8221;Poppins||||||||&#8221; number_font=&#8221;Poppins||||||||&#8221; number_text_color=&#8221;#ff2671&#8243; hover_enabled=&#8221;0&#8243; global_colors_info=&#8221;{}&#8221; sticky_enabled=&#8221;0&#8243;][\/et_pb_number_counter][\/et_pb_column][et_pb_column type=&#8221;1_3&#8243; _builder_version=&#8221;4.16&#8243; custom_padding=&#8221;|||&#8221; global_colors_info=&#8221;{}&#8221; custom_padding__hover=&#8221;|||&#8221;][et_pb_number_counter title=&#8221;Imprez rodzinnych i integracyjnych&#8221; number=&#8221;1024&#8243; percent_sign=&#8221;off&#8221; _builder_version=&#8221;4.27.2&#8243; title_font=&#8221;Poppins||||||||&#8221; number_font=&#8221;Poppins||||||||&#8221; number_text_color=&#8221;#00b1f9&#8243; hover_enabled=&#8221;0&#8243; global_colors_info=&#8221;{}&#8221; sticky_enabled=&#8221;0&#8243;][\/et_pb_number_counter][\/et_pb_column][et_pb_column type=&#8221;1_3&#8243; _builder_version=&#8221;4.16&#8243; custom_padding=&#8221;|||&#8221; global_colors_info=&#8221;{}&#8221; custom_padding__hover=&#8221;|||&#8221;][et_pb_number_counter title=&#8221;Wypitych piw bezalkoholowych&#8221; number=&#8221;2869&#8243; percent_sign=&#8221;off&#8221; _builder_version=&#8221;4.27.2&#8243; title_font=&#8221;Poppins||||||||&#8221; number_font=&#8221;Poppins||||||||&#8221; number_text_color=&#8221;#8b20bb&#8221; hover_enabled=&#8221;0&#8243; global_colors_info=&#8221;{}&#8221; sticky_enabled=&#8221;0&#8243;][\/et_pb_number_counter][\/et_pb_column][\/et_pb_row][\/et_pb_section][et_pb_section fb_built=&#8221;1&#8243; admin_label=&#8221;Hero Section&#8221; _builder_version=&#8221;4.16&#8243; background_color_gradient_direction=&#8221;100deg&#8221; background_image=&#8221;https:\/\/laundromat.com.pl\/wp-content\/uploads\/2024\/10\/section-bg-hero3-1-png.avif&#8221; custom_padding=&#8221;8%||8%|&#8221; locked=&#8221;off&#8221; global_colors_info=&#8221;{}&#8221;][et_pb_row admin_label=&#8221;Hero Area&#8221; _builder_version=&#8221;4.16&#8243; background_size=&#8221;initial&#8221; background_position=&#8221;top_left&#8221; background_repeat=&#8221;repeat&#8221; global_colors_info=&#8221;{}&#8221;][et_pb_column type=&#8221;4_4&#8243; _builder_version=&#8221;4.16&#8243; custom_padding=&#8221;|||&#8221; global_colors_info=&#8221;{}&#8221; custom_padding__hover=&#8221;|||&#8221;][et_pb_cta title=&#8221;Przechodz\u0119 do rezerwacji !&#8221; button_url=&#8221;https:\/\/laundromat.com.pl\/&#8221; button_text=&#8221;kalendarz&#8221; admin_label=&#8221;Hero Text&#8221; _builder_version=&#8221;4.16&#8243; header_level=&#8221;h1&#8243; header_font=&#8221;Poppins|600|||||||&#8221; header_font_size=&#8221;48px&#8221; header_line_height=&#8221;1.4em&#8221; body_font=&#8221;Poppins||||||||&#8221; body_font_size=&#8221;18px&#8221; body_line_height=&#8221;1.8em&#8221; use_background_color=&#8221;off&#8221; custom_button=&#8221;on&#8221; button_text_size=&#8221;14px&#8221; button_text_color=&#8221;#ffffff&#8221; button_bg_color=&#8221;#000dff&#8221; button_border_width=&#8221;12px&#8221; button_border_color=&#8221;#000dff&#8221; button_letter_spacing=&#8221;2px&#8221; button_font=&#8221;Poppins|600||on|||||&#8221; button_icon=&#8221;&#x24;||divi||400&#8243; background_layout=&#8221;light&#8221; max_width=&#8221;700px&#8221; module_alignment=&#8221;center&#8221; animation_style=&#8221;fade&#8221; link_option_url=&#8221;https:\/\/laundromat.com.pl\/&#8221; global_colors_info=&#8221;{}&#8221; button_text_size__hover_enabled=&#8221;off&#8221; button_one_text_size__hover_enabled=&#8221;off&#8221; button_two_text_size__hover_enabled=&#8221;off&#8221; button_text_color__hover_enabled=&#8221;off&#8221; button_one_text_color__hover_enabled=&#8221;off&#8221; button_two_text_color__hover_enabled=&#8221;off&#8221; button_border_width__hover_enabled=&#8221;off&#8221; button_one_border_width__hover_enabled=&#8221;off&#8221; button_two_border_width__hover_enabled=&#8221;off&#8221; button_border_color__hover_enabled=&#8221;off&#8221; button_one_border_color__hover_enabled=&#8221;off&#8221; button_two_border_color__hover_enabled=&#8221;off&#8221; button_border_radius__hover_enabled=&#8221;off&#8221; button_one_border_radius__hover_enabled=&#8221;off&#8221; button_two_border_radius__hover_enabled=&#8221;off&#8221; button_letter_spacing__hover_enabled=&#8221;off&#8221; button_one_letter_spacing__hover_enabled=&#8221;off&#8221; button_two_letter_spacing__hover_enabled=&#8221;off&#8221; button_bg_color__hover_enabled=&#8221;off&#8221; button_one_bg_color__hover_enabled=&#8221;off&#8221; button_two_bg_color__hover_enabled=&#8221;off&#8221;][\/et_pb_cta][\/et_pb_column][\/et_pb_row][\/et_pb_section]<\/p>\n","protected":false},"excerpt":{"rendered":"<p>Imprezy rodzinne w lokalu laundromat.com.pl \u2013 Nietypowe Miejsce na Niezapomniane Wydarzenie Szukasz oryginalnego i przytulnego miejsca na rodzinn\u0105 imprez\u0119 \u2013 urodziny, chrzciny, rocznic\u0119 czy spotkanie pokoleniowe? Laundromat to ukryty za fasad\u0105 pralni lokal w centrum Wrzeszcza, kt\u00f3ry dzi\u0119ki swojemu loftowemu designowi, tajemniczemu wej\u015bciu i przestrzennemu uk\u0142adowi robi ogromne wra\u017cenie. Idealny na kameralne, spersonalizowane spotkania dla [&hellip;]<\/p>\n","protected":false},"author":1,"featured_media":0,"parent":0,"menu_order":0,"comment_status":"closed","ping_status":"closed","template":"","meta":{"_et_pb_use_builder":"on","_et_pb_old_content":"","_et_gb_content_width":"","footnotes":""},"class_list":["post-2978","page","type-page","status-publish","hentry"],"_links":{"self":[{"href":"https:\/\/laundromat.com.pl\/index.php?rest_route=\/wp\/v2\/pages\/2978","targetHints":{"allow":["GET"]}}],"collection":[{"href":"https:\/\/laundromat.com.pl\/index.php?rest_route=\/wp\/v2\/pages"}],"about":[{"href":"https:\/\/laundromat.com.pl\/index.php?rest_route=\/wp\/v2\/types\/page"}],"author":[{"embeddable":true,"href":"https:\/\/laundromat.com.pl\/index.php?rest_route=\/wp\/v2\/users\/1"}],"replies":[{"embeddable":true,"href":"https:\/\/laundromat.com.pl\/index.php?rest_route=%2Fwp%2Fv2%2Fcomments&post=2978"}],"version-history":[{"count":7,"href":"https:\/\/laundromat.com.pl\/index.php?rest_route=\/wp\/v2\/pages\/2978\/revisions"}],"predecessor-version":[{"id":3158,"href":"https:\/\/laundromat.com.pl\/index.php?rest_route=\/wp\/v2\/pages\/2978\/revisions\/3158"}],"wp:attachment":[{"href":"https:\/\/laundromat.com.pl\/index.php?rest_route=%2Fwp%2Fv2%2Fmedia&parent=2978"}],"curies":[{"name":"wp","href":"https:\/\/api.w.org\/{rel}","templated":true}]}}