



{"id":2970,"date":"2024-10-22T13:25:12","date_gmt":"2024-10-22T13:25:12","guid":{"rendered":"https:\/\/laundromat.com.pl\/?page_id=2970"},"modified":"2024-10-22T13:44:34","modified_gmt":"2024-10-22T13:44:34","slug":"2970-2","status":"publish","type":"page","link":"https:\/\/laundromat.com.pl\/?page_id=2970","title":{"rendered":"5 Pomys\u0142\u00f3w na Urodziny"},"content":{"rendered":"\n[et_pb_section fb_built=&#8221;1&#8243; admin_label=&#8221;Page Title Section&#8221; _builder_version=&#8221;4.16&#8243; use_background_color_gradient=&#8221;on&#8221; background_color_gradient_direction=&#8221;120deg&#8221; background_color_gradient_stops=&#8221;#6b73ff 0%|#000dff 100%&#8221; background_color_gradient_start=&#8221;#6b73ff&#8221; background_color_gradient_end=&#8221;#000dff&#8221; background_image=&#8221;http:\/\/laundromat.com.pl\/wp-content\/uploads\/2024\/10\/section-bg-hero2-1-png.avif&#8221; custom_padding=&#8221;100px||60px|&#8221; box_shadow_style=&#8221;preset7&#8243; box_shadow_horizontal=&#8221;0px&#8221; box_shadow_vertical=&#8221;-220px&#8221; box_shadow_color=&#8221;#ffffff&#8221; global_colors_info=&#8221;{}&#8221; theme_builder_area=&#8221;post_content&#8221; da_is_popup=&#8221;off&#8221; da_exit_intent=&#8221;off&#8221; da_has_close=&#8221;on&#8221; da_alt_close=&#8221;off&#8221; da_dark_close=&#8221;off&#8221; da_not_modal=&#8221;on&#8221; da_is_singular=&#8221;off&#8221; da_with_loader=&#8221;off&#8221; da_has_shadow=&#8221;on&#8221; da_disable_devices=&#8221;off|off|off&#8221;][et_pb_row admin_label=&#8221;Page Title Area&#8221; _builder_version=&#8221;4.16&#8243; background_size=&#8221;initial&#8221; background_position=&#8221;top_left&#8221; background_repeat=&#8221;repeat&#8221; global_colors_info=&#8221;{}&#8221; theme_builder_area=&#8221;post_content&#8221;][et_pb_column type=&#8221;4_4&#8243; _builder_version=&#8221;4.16&#8243; custom_padding=&#8221;|||&#8221; global_colors_info=&#8221;{}&#8221; custom_padding__hover=&#8221;|||&#8221; theme_builder_area=&#8221;post_content&#8221;][et_pb_text admin_label=&#8221;Title&#8221; _builder_version=&#8221;4.27.2&#8243; text_font=&#8221;Poppins||||||||&#8221; text_font_size=&#8221;18px&#8221; text_line_height=&#8221;1.8em&#8221; header_font=&#8221;Poppins|600|||||||&#8221; header_font_size=&#8221;48px&#8221; header_line_height=&#8221;1.4em&#8221; header_2_font=&#8221;||||||||&#8221; text_orientation=&#8221;center&#8221; background_layout=&#8221;dark&#8221; max_width=&#8221;700px&#8221; module_alignment=&#8221;center&#8221; custom_margin=&#8221;|||&#8221; animation_style=&#8221;fade&#8221; hover_enabled=&#8221;0&#8243; global_colors_info=&#8221;{}&#8221; theme_builder_area=&#8221;post_content&#8221; sticky_enabled=&#8221;0&#8243;]<h1>5 Pomys\u0142\u00f3w na Urodziny w lokalu<\/h1>\n<p>Urodziny to wyj\u0105tkowa okazja, kt\u00f3ra zas\u0142uguje na oryginaln\u0105 opraw\u0119. Je\u015bli szukasz miejsca, kt\u00f3re zaskoczy go\u015bci i sprawi, \u017ce b\u0119d\u0105 wspomina\u0107 Twoj\u0105 imprez\u0119 przez lata, lokal ukryty za\u2026 pralk\u0105, czyli Laundromat.com.pl, b\u0119dzie strza\u0142em w dziesi\u0105tk\u0119. Wchodzisz do pralni, a tam niespodzianka \u2013 tajne przej\u015bcie przez jedn\u0105 z pralek do stylowego lokalu imprezowego! Oto 5 kreatywnych pomys\u0142\u00f3w na urodziny w tym niecodziennym miejscu, dopasowanych do r\u00f3\u017cnych etap\u00f3w \u017cycia.<\/p>[\/et_pb_text][\/et_pb_column][\/et_pb_row][et_pb_row admin_label=&#8221;Statistics Image Area&#8221; _builder_version=&#8221;4.16&#8243; custom_padding=&#8221;|||&#8221; global_colors_info=&#8221;{}&#8221; theme_builder_area=&#8221;post_content&#8221;][et_pb_column type=&#8221;4_4&#8243; _builder_version=&#8221;4.16&#8243; custom_padding=&#8221;|||&#8221; global_colors_info=&#8221;{}&#8221; custom_padding__hover=&#8221;|||&#8221; theme_builder_area=&#8221;post_content&#8221;][et_pb_image src=&#8221;http:\/\/laundromat.com.pl\/wp-content\/uploads\/2024\/10\/0-c6ee4fd9-e2e1-40ff-8b0f-0cef56c3f738-800&#215;800.jpg&#8221; title_text=&#8221;0-c6ee4fd9-e2e1-40ff-8b0f-0cef56c3f738-800&#215;800&#8243; force_fullwidth=&#8221;on&#8221; align_tablet=&#8221;center&#8221; align_phone=&#8221;&#8221; align_last_edited=&#8221;on|desktop&#8221; _builder_version=&#8221;4.27.2&#8243; animation_style=&#8221;slide&#8221; animation_direction=&#8221;top&#8221; animation_intensity_slide=&#8221;3%&#8221; animation_starting_opacity=&#8221;100%&#8221; hover_enabled=&#8221;0&#8243; border_radii=&#8221;on|8px|8px|8px|8px&#8221; box_shadow_style=&#8221;preset2&#8243; box_shadow_horizontal=&#8221;0px&#8221; box_shadow_vertical=&#8221;10px&#8221; box_shadow_blur=&#8221;55px&#8221; box_shadow_color=&#8221;rgba(0,0,0,0.07)&#8221; global_colors_info=&#8221;{}&#8221; theme_builder_area=&#8221;post_content&#8221; sticky_enabled=&#8221;0&#8243;][\/et_pb_image][\/et_pb_column][\/et_pb_row][\/et_pb_section][et_pb_section fb_built=&#8221;1&#8243; admin_label=&#8221;Project Details Section&#8221; _builder_version=&#8221;4.16&#8243; background_image=&#8221;http:\/\/laundromat.com.pl\/wp-content\/uploads\/2024\/10\/section-bg-graph-png.avif&#8221; background_size=&#8221;contain&#8221; background_position=&#8221;bottom_center&#8221; custom_padding=&#8221;90px||90px|&#8221; global_colors_info=&#8221;{}&#8221; theme_builder_area=&#8221;post_content&#8221; da_is_popup=&#8221;off&#8221; da_exit_intent=&#8221;off&#8221; da_has_close=&#8221;on&#8221; da_alt_close=&#8221;off&#8221; da_dark_close=&#8221;off&#8221; da_not_modal=&#8221;on&#8221; da_is_singular=&#8221;off&#8221; da_with_loader=&#8221;off&#8221; da_has_shadow=&#8221;on&#8221; da_disable_devices=&#8221;off|off|off&#8221;][et_pb_row admin_label=&#8221;Project Summary&#8221; _builder_version=&#8221;4.16&#8243; custom_padding=&#8221;|||&#8221; hover_enabled=&#8221;0&#8243; global_colors_info=&#8221;{}&#8221; theme_builder_area=&#8221;post_content&#8221; sticky_enabled=&#8221;0&#8243;][et_pb_column type=&#8221;4_4&#8243; _builder_version=&#8221;4.16&#8243; custom_padding=&#8221;|||&#8221; global_colors_info=&#8221;{}&#8221; custom_padding__hover=&#8221;|||&#8221; theme_builder_area=&#8221;post_content&#8221;][et_pb_text admin_label=&#8221;Title&#8221; _builder_version=&#8221;4.27.2&#8243; text_font=&#8221;Poppins||||||||&#8221; text_font_size=&#8221;16px&#8221; text_line_height=&#8221;1.8em&#8221; ul_font=&#8221;||||||||&#8221; ol_font=&#8221;||||||||&#8221; header_font=&#8221;||||||||&#8221; header_2_font=&#8221;Poppins|600|||||||&#8221; header_2_font_size=&#8221;36px&#8221; header_2_line_height=&#8221;1.4em&#8221; max_width=&#8221;800px&#8221; animation_style=&#8221;fold&#8221; animation_direction=&#8221;bottom&#8221; animation_intensity_fold=&#8221;10%&#8221; animation_starting_opacity=&#8221;100%&#8221; hover_enabled=&#8221;0&#8243; global_colors_info=&#8221;{}&#8221; theme_builder_area=&#8221;post_content&#8221; sticky_enabled=&#8221;0&#8243;]<h3><strong>18-nastka: Wej\u015bcie w doros\u0142o\u015b\u0107 w wielkim stylu<\/strong><\/h3>\n<p>Pierwsze kroki w doros\u0142o\u015b\u0107 powinny by\u0107 wyj\u0105tkowe i pe\u0142ne niespodzianek! Laundromat.com.pl oferuje atmosfer\u0119 tajemniczo\u015bci i przygody, kt\u00f3ra idealnie wpisze si\u0119 w klimat osiemnastych urodzin. Zorganizuj imprez\u0119 w stylu \u201eEscape the Ordinary\u201d \u2013 zapro\u015b go\u015bci na &#8222;niby zwyk\u0142\u0105&#8221; pralni\u0119, gdzie zostan\u0105 nagle poproszeni o odnalezienie tajnego przej\u015bcia. Gdy trafi\u0105 do lokalu, czeka\u0107 b\u0119dzie na nich klubowa atmosfera z DJ-em, neonowymi \u015bwiat\u0142ami i drinkami, kt\u00f3re zmieniaj\u0105 kolor. \u015awietna zabawa gwarantowana!<\/p>[\/et_pb_text][\/et_pb_column][\/et_pb_row][et_pb_row admin_label=&#8221;Project Strategy&#8221; _builder_version=&#8221;4.16&#8243; custom_margin=&#8221;|||&#8221; custom_padding=&#8221;|||&#8221; global_colors_info=&#8221;{}&#8221; theme_builder_area=&#8221;post_content&#8221;][et_pb_column type=&#8221;4_4&#8243; _builder_version=&#8221;4.16&#8243; custom_padding=&#8221;|||&#8221; global_colors_info=&#8221;{}&#8221; custom_padding__hover=&#8221;|||&#8221; theme_builder_area=&#8221;post_content&#8221;][et_pb_text ul_type=&#8221;circle&#8221; ul_position=&#8221;inside&#8221; admin_label=&#8221;Title&#8221; _builder_version=&#8221;4.27.2&#8243; text_font=&#8221;Poppins||||||||&#8221; text_font_size=&#8221;16px&#8221; text_line_height=&#8221;1.8em&#8221; ul_font=&#8221;||||||||&#8221; ul_line_height=&#8221;2em&#8221; ol_font=&#8221;||||||||&#8221; header_font=&#8221;||||||||&#8221; header_2_font=&#8221;Poppins|600|||||||&#8221; header_2_font_size=&#8221;36px&#8221; header_2_line_height=&#8221;1.4em&#8221; max_width=&#8221;800px&#8221; animation_style=&#8221;fold&#8221; animation_direction=&#8221;bottom&#8221; animation_intensity_fold=&#8221;10%&#8221; animation_starting_opacity=&#8221;100%&#8221; hover_enabled=&#8221;0&#8243; global_colors_info=&#8221;{}&#8221; theme_builder_area=&#8221;post_content&#8221; sticky_enabled=&#8221;0&#8243;]<h3><strong>20 urodziny: Powr\u00f3t do lat 90. w nowoczesnym stylu<\/strong><\/h3>\n<p>Lat 90. ju\u017c dawno za nami, ale moda na retro powraca. Jak po\u0142\u0105czy\u0107 klimat tamtych lat z nowoczesnym stylem? Udekoruj lokal w neonowe kolory, roz\u0142\u00f3\u017c retro automaty do gier, przygotuj muzyk\u0119 z tamtych lat i kultowe przek\u0105ski. Dodatkowo, dzi\u0119ki wej\u015bciu przez pralk\u0119, mo\u017cna nawi\u0105za\u0107 do popularnego w latach 90. motywu film\u00f3w szpiegowskich, gdzie tajne przej\u015bcia by\u0142y na porz\u0105dku dziennym. Taki powr\u00f3t do przesz\u0142o\u015bci z nowoczesnym twistem na pewno zrobi wra\u017cenie na Twoich go\u015bciach.<\/p>[\/et_pb_text][et_pb_text ul_type=&#8221;circle&#8221; ul_position=&#8221;inside&#8221; admin_label=&#8221;Title&#8221; _builder_version=&#8221;4.27.2&#8243; text_font=&#8221;Poppins||||||||&#8221; text_font_size=&#8221;16px&#8221; text_line_height=&#8221;1.8em&#8221; ul_font=&#8221;||||||||&#8221; ul_line_height=&#8221;2em&#8221; ol_font=&#8221;||||||||&#8221; header_font=&#8221;||||||||&#8221; header_2_font=&#8221;Poppins|600|||||||&#8221; header_2_font_size=&#8221;36px&#8221; header_2_line_height=&#8221;1.4em&#8221; max_width=&#8221;800px&#8221; animation_style=&#8221;fold&#8221; animation_direction=&#8221;bottom&#8221; animation_intensity_fold=&#8221;10%&#8221; animation_starting_opacity=&#8221;100%&#8221; global_colors_info=&#8221;{}&#8221; theme_builder_area=&#8221;post_content&#8221;]<h3><strong>25 urodziny: Speakeasy Party \u2013 z tajemniczym wej\u015bciem do lokalu<\/strong><\/h3>\n<p>Dwudzieste pi\u0105te urodziny to doskona\u0142a okazja, by poczu\u0107 si\u0119 jak na imprezie z lat 20. ubieg\u0142ego wieku. W Laundromat.com.pl mo\u017cna zorganizowa\u0107 wiecz\u00f3r w stylu speakeasy \u2013 ukryte bary, tajne przej\u015bcia i klimat zakazanej rozrywki. Zapro\u015b go\u015bci do eleganckiej pralni, a nast\u0119pnie wska\u017c tajne wej\u015bcie przez pralk\u0119, kt\u00f3re przeniesie ich do miejsca pe\u0142nego muzyki jazzowej, klasycznych drink\u00f3w i stylowych dekoracji. Wszyscy poczuj\u0105 si\u0119 jak w erze prohibicji!<\/p>[\/et_pb_text][et_pb_text ul_type=&#8221;circle&#8221; ul_position=&#8221;inside&#8221; admin_label=&#8221;Title&#8221; _builder_version=&#8221;4.27.2&#8243; text_font=&#8221;Poppins||||||||&#8221; text_font_size=&#8221;16px&#8221; text_line_height=&#8221;1.8em&#8221; ul_font=&#8221;||||||||&#8221; ul_line_height=&#8221;2em&#8221; ol_font=&#8221;||||||||&#8221; header_font=&#8221;||||||||&#8221; header_2_font=&#8221;Poppins|600|||||||&#8221; header_2_font_size=&#8221;36px&#8221; header_2_line_height=&#8221;1.4em&#8221; max_width=&#8221;800px&#8221; animation_style=&#8221;fold&#8221; animation_direction=&#8221;bottom&#8221; animation_intensity_fold=&#8221;10%&#8221; animation_starting_opacity=&#8221;100%&#8221; global_colors_info=&#8221;{}&#8221; theme_builder_area=&#8221;post_content&#8221;]<h3><strong>30 urodziny: Impreza tematyczna \u201eDetektywi i Agenci\u201d<\/strong><\/h3>\n<p>Trzydzieste urodziny mog\u0105 sta\u0107 si\u0119 pocz\u0105tkiem prawdziwej przygody! Wykorzystaj nietypowy wystr\u00f3j lokalu do stworzenia klimatu tajnych operacji \u2013 zorganizuj gr\u0119 fabularn\u0105, w kt\u00f3rej go\u015bcie b\u0119d\u0105 wciela\u0107 si\u0119 w detektyw\u00f3w lub tajnych agent\u00f3w. Zadaniem b\u0119dzie odnalezienie ukrytego przej\u015bcia i rozwi\u0105zanie serii zagadek w \u015brodku lokalu. Wyobra\u017a sobie wej\u015bcie przez pralk\u0119 jako \u201ebram\u0119\u201d do tajnego laboratorium \u2013 b\u0119dzie to idealne nawi\u0105zanie do film\u00f3w szpiegowskich, a przy okazji dostarczy mn\u00f3stwo emocji i zabawy.<\/p>[\/et_pb_text][et_pb_text ul_type=&#8221;circle&#8221; ul_position=&#8221;inside&#8221; admin_label=&#8221;Title&#8221; _builder_version=&#8221;4.27.2&#8243; text_font=&#8221;Poppins||||||||&#8221; text_font_size=&#8221;16px&#8221; text_line_height=&#8221;1.8em&#8221; ul_font=&#8221;||||||||&#8221; ul_line_height=&#8221;2em&#8221; ol_font=&#8221;||||||||&#8221; header_font=&#8221;||||||||&#8221; header_2_font=&#8221;Poppins|600|||||||&#8221; header_2_font_size=&#8221;36px&#8221; header_2_line_height=&#8221;1.4em&#8221; max_width=&#8221;800px&#8221; animation_style=&#8221;fold&#8221; animation_direction=&#8221;bottom&#8221; animation_intensity_fold=&#8221;10%&#8221; animation_starting_opacity=&#8221;100%&#8221; global_colors_info=&#8221;{}&#8221; theme_builder_area=&#8221;post_content&#8221;]<h3><strong>40 urodziny: Stylowa kolacja z niespodziank\u0105<\/strong><\/h3>\n<p>Czterdzieste urodziny to czas, by celebrowa\u0107 w bardziej elegancki spos\u00f3b, ale z nutk\u0105 oryginalno\u015bci. Zacznij od zaproszenia go\u015bci na spokojn\u0105 kolacj\u0119 w stylowej pralni \u2013 bia\u0142e obrusy, \u015bwiece, wykwintne dania i dobra muzyka w tle. Gdy ju\u017c wszyscy b\u0119d\u0105 my\u015bleli, \u017ce impreza zako\u0144czy si\u0119 na kolacji, niespodziewanie otw\u00f3rz tajne przej\u015bcie do g\u0142\u00f3wnej sali. Tam czeka\u0107 b\u0119dzie zupe\u0142nie inna atmosfera \u2013 DJ, parkiet do ta\u0144ca, koktajl bar i \u015bwietna zabawa do bia\u0142ego rana. To po\u0142\u0105czenie klasyki z niespodziank\u0105, kt\u00f3rej nikt si\u0119 nie spodziewa!<\/p>\n<p>Ka\u017cde z tych wydarze\u0144 mo\u017cna dowolnie dopasowa\u0107 do preferencji i stylu jubilata, a sam Laundromat.com.pl stanowi idealne t\u0142o do niezapomnianych urodzin, kt\u00f3re na d\u0142ugo zapadn\u0105 w pami\u0119\u0107 go\u015bci.<\/p>[\/et_pb_text][\/et_pb_column][\/et_pb_row][et_pb_row admin_label=&#8221;Proven Result&#8221; _builder_version=&#8221;4.16&#8243; custom_margin=&#8221;|||&#8221; custom_padding=&#8221;|||&#8221; global_colors_info=&#8221;{}&#8221; theme_builder_area=&#8221;post_content&#8221;][et_pb_column type=&#8221;4_4&#8243; _builder_version=&#8221;4.16&#8243; custom_padding=&#8221;|||&#8221; global_colors_info=&#8221;{}&#8221; custom_padding__hover=&#8221;|||&#8221; theme_builder_area=&#8221;post_content&#8221;][et_pb_text admin_label=&#8221;Title&#8221; _builder_version=&#8221;4.16&#8243; text_font=&#8221;Poppins||||||||&#8221; text_font_size=&#8221;16px&#8221; text_line_height=&#8221;1.8em&#8221; ul_font=&#8221;||||||||&#8221; ol_font=&#8221;||||||||&#8221; header_font=&#8221;||||||||&#8221; header_2_font=&#8221;Poppins|600|||||||&#8221; header_2_font_size=&#8221;36px&#8221; header_2_line_height=&#8221;1.4em&#8221; max_width=&#8221;800px&#8221; animation_style=&#8221;fold&#8221; animation_direction=&#8221;bottom&#8221; animation_intensity_fold=&#8221;10%&#8221; animation_starting_opacity=&#8221;100%&#8221; global_colors_info=&#8221;{}&#8221; theme_builder_area=&#8221;post_content&#8221;][\/et_pb_text][\/et_pb_column][\/et_pb_row][et_pb_row column_structure=&#8221;1_3,1_3,1_3&#8243; admin_label=&#8221;Fun Fact&#8221; _builder_version=&#8221;4.27.2&#8243; custom_margin=&#8221;|||&#8221; global_colors_info=&#8221;{}&#8221; theme_builder_area=&#8221;post_content&#8221;][et_pb_column type=&#8221;1_3&#8243; _builder_version=&#8221;4.16&#8243; custom_padding=&#8221;|||&#8221; global_colors_info=&#8221;{}&#8221; custom_padding__hover=&#8221;|||&#8221; theme_builder_area=&#8221;post_content&#8221;][et_pb_number_counter title=&#8221;Wypitych kieliszk\u00f3w w\u00f3dki &#8221; number=&#8221;10000&#8243; percent_sign=&#8221;off&#8221; _builder_version=&#8221;4.27.2&#8243; title_font=&#8221;Poppins||||||||&#8221; number_font=&#8221;Poppins||||||||&#8221; number_text_color=&#8221;#ff2671&#8243; global_colors_info=&#8221;{}&#8221; theme_builder_area=&#8221;post_content&#8221;][\/et_pb_number_counter][\/et_pb_column][et_pb_column type=&#8221;1_3&#8243; _builder_version=&#8221;4.16&#8243; custom_padding=&#8221;|||&#8221; global_colors_info=&#8221;{}&#8221; custom_padding__hover=&#8221;|||&#8221; theme_builder_area=&#8221;post_content&#8221;][et_pb_number_counter title=&#8221;Wspania\u0142ych urodzin&#8221; number=&#8221;295&#8243; percent_sign=&#8221;off&#8221; _builder_version=&#8221;4.27.2&#8243; title_font=&#8221;Poppins||||||||&#8221; number_font=&#8221;Poppins||||||||&#8221; number_text_color=&#8221;#00b1f9&#8243; hover_enabled=&#8221;0&#8243; global_colors_info=&#8221;{}&#8221; theme_builder_area=&#8221;post_content&#8221; sticky_enabled=&#8221;0&#8243;][\/et_pb_number_counter][\/et_pb_column][et_pb_column type=&#8221;1_3&#8243; _builder_version=&#8221;4.16&#8243; custom_padding=&#8221;|||&#8221; global_colors_info=&#8221;{}&#8221; custom_padding__hover=&#8221;|||&#8221; theme_builder_area=&#8221;post_content&#8221;][et_pb_number_counter title=&#8221;Wypitych shot\u00f3w jagera&#8221; number=&#8221;289&#8243; percent_sign=&#8221;off&#8221; _builder_version=&#8221;4.27.2&#8243; title_font=&#8221;Poppins||||||||&#8221; number_font=&#8221;Poppins||||||||&#8221; number_text_color=&#8221;#8b20bb&#8221; global_colors_info=&#8221;{}&#8221; theme_builder_area=&#8221;post_content&#8221;][\/et_pb_number_counter][\/et_pb_column][\/et_pb_row][\/et_pb_section][et_pb_section fb_built=&#8221;1&#8243; admin_label=&#8221;Hero Section&#8221; _builder_version=&#8221;4.16&#8243; background_color_gradient_direction=&#8221;100deg&#8221; background_image=&#8221;http:\/\/laundromat.com.pl\/wp-content\/uploads\/2024\/10\/section-bg-hero3-1-png.avif&#8221; custom_padding=&#8221;8%||8%|&#8221; locked=&#8221;off&#8221; global_colors_info=&#8221;{}&#8221; theme_builder_area=&#8221;post_content&#8221; da_is_popup=&#8221;off&#8221; da_exit_intent=&#8221;off&#8221; da_has_close=&#8221;on&#8221; da_alt_close=&#8221;off&#8221; da_dark_close=&#8221;off&#8221; da_not_modal=&#8221;on&#8221; da_is_singular=&#8221;off&#8221; da_with_loader=&#8221;off&#8221; da_has_shadow=&#8221;on&#8221; da_disable_devices=&#8221;off|off|off&#8221;][et_pb_row admin_label=&#8221;Hero Area&#8221; _builder_version=&#8221;4.16&#8243; background_size=&#8221;initial&#8221; background_position=&#8221;top_left&#8221; background_repeat=&#8221;repeat&#8221; global_colors_info=&#8221;{}&#8221; theme_builder_area=&#8221;post_content&#8221;][et_pb_column type=&#8221;4_4&#8243; _builder_version=&#8221;4.16&#8243; custom_padding=&#8221;|||&#8221; global_colors_info=&#8221;{}&#8221; custom_padding__hover=&#8221;|||&#8221; theme_builder_area=&#8221;post_content&#8221;][et_pb_cta title=&#8221;Przechodz\u0119 do rezerwacji !&#8221; button_url=&#8221;#kalendarz&#8221; button_text=&#8221;kalendarz&#8221; admin_label=&#8221;Hero Text&#8221; _builder_version=&#8221;4.27.2&#8243; header_level=&#8221;h1&#8243; header_font=&#8221;Poppins|600|||||||&#8221; header_font_size=&#8221;48px&#8221; header_line_height=&#8221;1.4em&#8221; body_font=&#8221;Poppins||||||||&#8221; body_font_size=&#8221;18px&#8221; body_line_height=&#8221;1.8em&#8221; use_background_color=&#8221;off&#8221; custom_button=&#8221;on&#8221; button_text_size=&#8221;14px&#8221; button_text_color=&#8221;#ffffff&#8221; button_bg_color=&#8221;#000dff&#8221; button_border_width=&#8221;12px&#8221; button_border_color=&#8221;#000dff&#8221; button_letter_spacing=&#8221;2px&#8221; button_font=&#8221;Poppins|600||on|||||&#8221; button_icon=&#8221;&#x24;||divi||400&#8243; background_layout=&#8221;light&#8221; max_width=&#8221;700px&#8221; module_alignment=&#8221;center&#8221; animation_style=&#8221;fade&#8221; link_option_url=&#8221;#kalendarz&#8221; hover_enabled=&#8221;0&#8243; global_colors_info=&#8221;{}&#8221; button_text_size__hover_enabled=&#8221;off&#8221; button_one_text_size__hover_enabled=&#8221;off&#8221; button_two_text_size__hover_enabled=&#8221;off&#8221; button_text_color__hover_enabled=&#8221;off&#8221; button_one_text_color__hover_enabled=&#8221;off&#8221; button_two_text_color__hover_enabled=&#8221;off&#8221; button_border_width__hover_enabled=&#8221;off&#8221; button_one_border_width__hover_enabled=&#8221;off&#8221; button_two_border_width__hover_enabled=&#8221;off&#8221; button_border_color__hover_enabled=&#8221;off&#8221; button_one_border_color__hover_enabled=&#8221;off&#8221; button_two_border_color__hover_enabled=&#8221;off&#8221; button_border_radius__hover_enabled=&#8221;off&#8221; button_one_border_radius__hover_enabled=&#8221;off&#8221; button_two_border_radius__hover_enabled=&#8221;off&#8221; button_letter_spacing__hover_enabled=&#8221;off&#8221; button_one_letter_spacing__hover_enabled=&#8221;off&#8221; button_two_letter_spacing__hover_enabled=&#8221;off&#8221; button_bg_color__hover_enabled=&#8221;off&#8221; button_one_bg_color__hover_enabled=&#8221;off&#8221; button_two_bg_color__hover_enabled=&#8221;off&#8221; theme_builder_area=&#8221;post_content&#8221; sticky_enabled=&#8221;0&#8243;][\/et_pb_cta][\/et_pb_column][\/et_pb_row][\/et_pb_section]\n","protected":false},"excerpt":{"rendered":"<p>5 Pomys\u0142\u00f3w na Urodziny w lokalu Urodziny to wyj\u0105tkowa okazja, kt\u00f3ra zas\u0142uguje na oryginaln\u0105 opraw\u0119. Je\u015bli szukasz miejsca, kt\u00f3re zaskoczy go\u015bci i sprawi, \u017ce b\u0119d\u0105 wspomina\u0107 Twoj\u0105 imprez\u0119 przez lata, lokal ukryty za\u2026 pralk\u0105, czyli Laundromat.com.pl, b\u0119dzie strza\u0142em w dziesi\u0105tk\u0119. Wchodzisz do pralni, a tam niespodzianka \u2013 tajne przej\u015bcie przez jedn\u0105 z pralek do stylowego [&hellip;]<\/p>\n","protected":false},"author":1,"featured_media":0,"parent":0,"menu_order":0,"comment_status":"closed","ping_status":"closed","template":"","meta":{"_et_pb_use_builder":"on","_et_pb_old_content":"","_et_gb_content_width":"","footnotes":""},"class_list":["post-2970","page","type-page","status-publish","hentry"],"_links":{"self":[{"href":"https:\/\/laundromat.com.pl\/index.php?rest_route=\/wp\/v2\/pages\/2970","targetHints":{"allow":["GET"]}}],"collection":[{"href":"https:\/\/laundromat.com.pl\/index.php?rest_route=\/wp\/v2\/pages"}],"about":[{"href":"https:\/\/laundromat.com.pl\/index.php?rest_route=\/wp\/v2\/types\/page"}],"author":[{"embeddable":true,"href":"https:\/\/laundromat.com.pl\/index.php?rest_route=\/wp\/v2\/users\/1"}],"replies":[{"embeddable":true,"href":"https:\/\/laundromat.com.pl\/index.php?rest_route=%2Fwp%2Fv2%2Fcomments&post=2970"}],"version-history":[{"count":5,"href":"https:\/\/laundromat.com.pl\/index.php?rest_route=\/wp\/v2\/pages\/2970\/revisions"}],"predecessor-version":[{"id":2977,"href":"https:\/\/laundromat.com.pl\/index.php?rest_route=\/wp\/v2\/pages\/2970\/revisions\/2977"}],"wp:attachment":[{"href":"https:\/\/laundromat.com.pl\/index.php?rest_route=%2Fwp%2Fv2%2Fmedia&parent=2970"}],"curies":[{"name":"wp","href":"https:\/\/api.w.org\/{rel}","templated":true}]}}